{"id":46,"date":"2020-11-24T18:13:22","date_gmt":"2020-11-24T17:13:22","guid":{"rendered":"https:\/\/www.the-beauty-traveler.com\/?page_id=46"},"modified":"2020-11-24T18:13:23","modified_gmt":"2020-11-24T17:13:23","slug":"contact","status":"publish","type":"page","link":"https:\/\/www.the-beauty-traveler.com\/fr\/contact\/","title":{"rendered":"Contact"},"content":{"rendered":"<p>Si vous avez des questions ou souhaitez collaborer avec moi, n&rsquo;h\u00e9sitez-pas \u00e0 me contacter (en anglais ou fran\u00e7ais) \u00e0:<\/p>\n<p>contact@the-beauty-traveler.com<\/p>\n<p>Je me r\u00e9jouis d&rsquo;avance de vous lire!<\/p>\n","protected":false},"excerpt":{"rendered":"<p>Si vous avez des questions ou souhaitez collaborer avec moi, n&rsquo;h\u00e9sitez-pas \u00e0 me contacter (en anglais ou fran\u00e7ais) \u00e0: contact@the-beauty-traveler.com Je me r\u00e9jouis d&rsquo;avance de vous lire!<\/p>\n","protected":false},"author":1,"featured_media":0,"parent":0,"menu_order":0,"comment_status":"closed","ping_status":"closed","template":"","meta":[],"_links":{"self":[{"href":"https:\/\/www.the-beauty-traveler.com\/fr\/wp-json\/wp\/v2\/pages\/46"}],"collection":[{"href":"https:\/\/www.the-beauty-traveler.com\/fr\/wp-json\/wp\/v2\/pages"}],"about":[{"href":"https:\/\/www.the-beauty-traveler.com\/fr\/wp-json\/wp\/v2\/types\/page"}],"author":[{"embeddable":true,"href":"https:\/\/www.the-beauty-traveler.com\/fr\/wp-json\/wp\/v2\/users\/1"}],"replies":[{"embeddable":true,"href":"https:\/\/www.the-beauty-traveler.com\/fr\/wp-json\/wp\/v2\/comments?post=46"}],"version-history":[{"count":2,"href":"https:\/\/www.the-beauty-traveler.com\/fr\/wp-json\/wp\/v2\/pages\/46\/revisions"}],"predecessor-version":[{"id":97,"href":"https:\/\/www.the-beauty-traveler.com\/fr\/wp-json\/wp\/v2\/pages\/46\/revisions\/97"}],"wp:attachment":[{"href":"https:\/\/www.the-beauty-traveler.com\/fr\/wp-json\/wp\/v2\/media?parent=46"}],"curies":[{"name":"wp","href":"https:\/\/api.w.org\/{rel}","templated":true}]}}