{"id":41,"date":"2020-11-19T21:54:09","date_gmt":"2020-11-19T20:54:09","guid":{"rendered":"https:\/\/www.the-beauty-traveler.com\/?page_id=41"},"modified":"2021-01-12T20:27:40","modified_gmt":"2021-01-12T19:27:40","slug":"shop","status":"publish","type":"page","link":"https:\/\/www.the-beauty-traveler.com\/fr\/shop\/","title":{"rendered":"Shop"},"content":{"rendered":"\n<div class=\"wp-block-columns\">\n<div class=\"wp-block-column\">\n<h2>Beauty<\/h2>\n\n\n\n<p><a href=\"https:\/\/www.sephora.fr\/\" target=\"_blank\" rel=\"noreferrer noopener\">Sephora<\/a><\/p>\n\n\n\n<p><a href=\"https:\/\/www.notino.fr\/\" target=\"_blank\" rel=\"noreferrer noopener\">Notino<\/a>&nbsp;: marques soins \u00e0 des prix imbattables (Darphin, Eucerin, Cerave)<\/p>\n\n\n\n<p><a href=\"https:\/\/de.feelunique.com\/?gclid=EAIaIQobChMIy5eV3sKL7QIVBbp3Ch2IQwVKEAAYASAAEgLTbvD_BwE&amp;gclsrc=aw.ds\" target=\"_blank\" rel=\"noreferrer noopener\">Feelunique<\/a>&nbsp;: promotions fr\u00e9quentes<\/p>\n\n\n\n<p><a href=\"https:\/\/www.lookfantastic.fr\/?adtype=&amp;gclid=EAIaIQobChMI8tK89MOL7QIVzLvVCh0cUAIOEAAYASAAEgIcGPD_BwE&amp;gclsrc=aw.ds&amp;product_id=&amp;settingsSaved=Y&amp;shippingcountry=FR&amp;switchcurrency=EUR&amp;thg_ppc_campaign=71700000066645639&amp;countrySelected=Y\" target=\"_blank\" rel=\"noreferrer noopener\">Lookfantastic<\/a>&nbsp;: promotions fr\u00e9quentes&nbsp;; bon programme de fid\u00e9lit\u00e9<\/p>\n\n\n\n<p><a href=\"https:\/\/www.cultbeauty.com\/fr\/en\/\" target=\"_blank\" rel=\"noreferrer noopener\">Cult Beauty<\/a>&nbsp;: marques niches (Chantecaille, Drunk Elephant, Viseart)<\/p>\n\n\n\n<p><a href=\"https:\/\/www.spacenk.com\/eu\/home\" target=\"_blank\" rel=\"noreferrer noopener\">Space NK<\/a>&nbsp;: marques sp\u00e9cifiques (Chantecaille, Charlotte Tilbury, Drunk Elephant, Tom Ford)&nbsp;; bon programme de fid\u00e9lit\u00e9<\/p>\n\n\n\n<p><a href=\"https:\/\/www.niche-beauty.com\/fr-de\/\" target=\"_blank\" rel=\"noreferrer noopener\">Niche-Beauty\u00a0<\/a>: marques niches (Chantecaille, Pat McGrath Labs, Westman Atelier)<\/p>\n\n\n\n<p><a href=\"https:\/\/www.beautylish.com\/\" target=\"_blank\" rel=\"noreferrer noopener\">Beautylish<\/a>: marques exclusives (pinceaux japonais Chikuhodo, Koyudo et Sonia G., Maquillage et pinceaux Wayne Goss)&nbsp;; site am\u00e9ricain, droits et taxes applicables en fonction du pays de livraison<\/p>\n\n\n\n<p><a href=\"https:\/\/www.beautybay.com\/fr\/\" target=\"_blank\" rel=\"noreferrer noopener\">Beauty Bay<\/a>&nbsp;: marques difficiles \u00e0 trouver (Dose of Colors, Jouer Cosmetics, Viseart)<\/p>\n\n\n\n<p><a href=\"https:\/\/www.cloud10beauty.com\/\" target=\"_blank\" rel=\"noreferrer noopener\">Cloud10Beauty<\/a>&nbsp;: promotions fr\u00e9quentes<\/p>\n<\/div>\n\n\n\n<div class=\"wp-block-column\">\n<h2>Lifestyle<\/h2>\n\n\n\n<p><a href=\"https:\/\/www.amazon.fr\/\" target=\"_blank\" rel=\"noreferrer noopener\">Amazon<\/a>&nbsp;: livres, \u00e9lectronique, accessoires iPhone, alimentaire, et plus<\/p>\n\n\n\n<p><a href=\"https:\/\/www.notino.fr\/\" target=\"_blank\" rel=\"noreferrer noopener\">Notino<\/a>&nbsp;: bougies Bath and Body Works<\/p>\n\n\n\n<p><a href=\"https:\/\/www.sabrinaparis.fr\/fr\/\" target=\"_blank\" rel=\"noreferrer noopener\">Sabrina Paris<\/a>&nbsp;: marque fran\u00e7aise de sacs et accessoires en cuir<\/p>\n\n\n\n<p><a href=\"https:\/\/www2.simplehuman.com\/fr\/8-inch-sensor-mirror-pro-rose-gold-dual-magnification-app-enabled\" target=\"_blank\" rel=\"noreferrer noopener\">Simple Human<\/a>: miroirs \u00e0 capteur<\/p>\n\n\n\n<p><a href=\"https:\/\/www.fabletics.fr\/\" target=\"_blank\" rel=\"noreferrer noopener\">Fabletics<\/a>&nbsp;: tenues fitness et d\u00e9tente<\/p>\n\n\n\n<p><\/p>\n<\/div>\n<\/div>\n\n\n\n<p><\/p>\n","protected":false},"excerpt":{"rendered":"<p>Beauty Sephora Notino&nbsp;: marques soins \u00e0 des prix imbattables (Darphin, Eucerin, Cerave) Feelunique&nbsp;: promotions fr\u00e9quentes Lookfantastic&nbsp;: promotions fr\u00e9quentes&nbsp;; bon programme de fid\u00e9lit\u00e9 Cult Beauty&nbsp;: marques niches (Chantecaille, Drunk Elephant, Viseart) Space NK&nbsp;: marques sp\u00e9cifiques (Chantecaille, Charlotte Tilbury, Drunk Elephant, Tom Ford)&nbsp;; bon programme de fid\u00e9lit\u00e9 Niche-Beauty\u00a0: marques niches (Chantecaille, Pat McGrath Labs, Westman Atelier) Beautylish:&#8230;<\/p>\n","protected":false},"author":1,"featured_media":0,"parent":0,"menu_order":0,"comment_status":"closed","ping_status":"closed","template":"","meta":[],"_links":{"self":[{"href":"https:\/\/www.the-beauty-traveler.com\/fr\/wp-json\/wp\/v2\/pages\/41"}],"collection":[{"href":"https:\/\/www.the-beauty-traveler.com\/fr\/wp-json\/wp\/v2\/pages"}],"about":[{"href":"https:\/\/www.the-beauty-traveler.com\/fr\/wp-json\/wp\/v2\/types\/page"}],"author":[{"embeddable":true,"href":"https:\/\/www.the-beauty-traveler.com\/fr\/wp-json\/wp\/v2\/users\/1"}],"replies":[{"embeddable":true,"href":"https:\/\/www.the-beauty-traveler.com\/fr\/wp-json\/wp\/v2\/comments?post=41"}],"version-history":[{"count":5,"href":"https:\/\/www.the-beauty-traveler.com\/fr\/wp-json\/wp\/v2\/pages\/41\/revisions"}],"predecessor-version":[{"id":1008,"href":"https:\/\/www.the-beauty-traveler.com\/fr\/wp-json\/wp\/v2\/pages\/41\/revisions\/1008"}],"wp:attachment":[{"href":"https:\/\/www.the-beauty-traveler.com\/fr\/wp-json\/wp\/v2\/media?parent=41"}],"curies":[{"name":"wp","href":"https:\/\/api.w.org\/{rel}","templated":true}]}}